{"id":49,"date":"2019-11-20T11:10:22","date_gmt":"2019-11-20T11:10:22","guid":{"rendered":"http:\/\/interbike.es\/?page_id=49"},"modified":"2019-11-21T17:22:54","modified_gmt":"2019-11-21T17:22:54","slug":"contacto-interbike","status":"publish","type":"page","link":"https:\/\/interbike.es\/?page_id=49","title":{"rendered":"Contacto"},"content":{"rendered":"<p><img loading=\"lazy\" decoding=\"async\" class=\"alignnone wp-image-173 size-full\" src=\"http:\/\/interbike.es\/wp-content\/uploads\/2019\/11\/portadacontacto.png\" alt=\"\" width=\"1742\" height=\"557\" srcset=\"https:\/\/interbike.es\/wp-content\/uploads\/2019\/11\/portadacontacto.png 1742w, https:\/\/interbike.es\/wp-content\/uploads\/2019\/11\/portadacontacto-300x96.png 300w, https:\/\/interbike.es\/wp-content\/uploads\/2019\/11\/portadacontacto-768x246.png 768w, https:\/\/interbike.es\/wp-content\/uploads\/2019\/11\/portadacontacto-1024x327.png 1024w\" sizes=\"(max-width: 1742px) 100vw, 1742px\" \/><\/p>\n<pre style=\"text-align: center;\"><div role=\"form\" class=\"wpcf7\" id=\"wpcf7-f158-o1\" lang=\"es-ES\" dir=\"ltr\">\n<div class=\"screen-reader-response\"><\/div>\n<form action=\"\/index.php?rest_route=%2Fwp%2Fv2%2Fpages%2F49#wpcf7-f158-o1\" method=\"post\" class=\"wpcf7-form\" enctype=\"multipart\/form-data\" novalidate=\"novalidate\">\n<div style=\"display: none;\">\n<input type=\"hidden\" name=\"_wpcf7\" value=\"158\" \/>\n<input type=\"hidden\" name=\"_wpcf7_version\" value=\"5.0.3\" \/>\n<input type=\"hidden\" name=\"_wpcf7_locale\" value=\"es_ES\" \/>\n<input type=\"hidden\" name=\"_wpcf7_unit_tag\" value=\"wpcf7-f158-o1\" \/>\n<input type=\"hidden\" name=\"_wpcf7_container_post\" value=\"0\" \/>\n<\/div>\n<p>Ind\u00edcanos tu nombre <br \/>\n    <span class=\"wpcf7-form-control-wrap your-name\"><input type=\"text\" name=\"your-name\" value=\"\" size=\"150\" maxlength=\"25\" class=\"wpcf7-form-control wpcf7-text wpcf7-validates-as-required\" aria-required=\"true\" aria-invalid=\"false\" \/><\/span> <\/p>\n<p>D\u00e9janos un e-mail para poder responderte: <br \/>\n    <span class=\"wpcf7-form-control-wrap your-email\"><input type=\"email\" name=\"your-email\" value=\"\" size=\"150\" class=\"wpcf7-form-control wpcf7-text wpcf7-email wpcf7-validates-as-required wpcf7-validates-as-email\" aria-required=\"true\" aria-invalid=\"false\" \/><\/span> <\/p>\n<p>Escribe aqu\u00ed tu consulta o mensaje: <br \/>\n    <span class=\"wpcf7-form-control-wrap your-mensaje\"><input type=\"text\" name=\"your-mensaje\" value=\"\" size=\"150\" class=\"wpcf7-form-control wpcf7-text\" aria-invalid=\"false\" \/><\/span> <\/p>\n<p><span class=\"wpcf7-form-control-wrap file-620\"><input type=\"file\" name=\"file-620\" size=\"40\" class=\"wpcf7-form-control wpcf7-file\" accept=\".jpg,.jpeg,.png,.gif,.pdf,.doc,.docx,.ppt,.pptx,.odt,.avi,.ogg,.m4a,.mov,.mp3,.mp4,.mpg,.wav,.wmv\" aria-invalid=\"false\" \/><\/span><\/p>\n<p><span class=\"wpcf7-form-control-wrap aceptar\"><span class=\"wpcf7-form-control wpcf7-acceptance\"><span class=\"wpcf7-list-item\"><input type=\"checkbox\" name=\"aceptar\" value=\"1\" aria-invalid=\"false\" \/><\/span><\/span><\/span> Acepto la <a href=\"\">Pol\u00edtica de privacidad<\/a><\/p>\n<p><input type=\"submit\" value=\"Enviar\" class=\"wpcf7-form-control wpcf7-submit\" \/><\/p>\n<p><script>\ndocument.addEventListener( 'wpcf7mailsent', function( event ) {\n    location = 'http:\/\/interbike.es';\n}, false );\n<\/script><\/p>\n<div class=\"wpcf7-response-output wpcf7-display-none\"><\/div><\/form><\/div><\/pre>\n","protected":false},"excerpt":{"rendered":"Ind\u00edcanos tu nombre D\u00e9janos un e-mail para poder responderte: Escribe aqu\u00ed tu consulta o mensaje: Acepto la Pol\u00edtica de privacidad document.addEventListener( 'wpcf7mailsent', function( event ) { location = 'http:\/\/interbike.es'; }, false );","protected":false},"author":1,"featured_media":0,"parent":0,"menu_order":0,"comment_status":"closed","ping_status":"closed","template":"templates\/full-width-page.php","meta":{"footnotes":""},"_links":{"self":[{"href":"https:\/\/interbike.es\/index.php?rest_route=\/wp\/v2\/pages\/49"}],"collection":[{"href":"https:\/\/interbike.es\/index.php?rest_route=\/wp\/v2\/pages"}],"about":[{"href":"https:\/\/interbike.es\/index.php?rest_route=\/wp\/v2\/types\/page"}],"author":[{"embeddable":true,"href":"https:\/\/interbike.es\/index.php?rest_route=\/wp\/v2\/users\/1"}],"replies":[{"embeddable":true,"href":"https:\/\/interbike.es\/index.php?rest_route=%2Fwp%2Fv2%2Fcomments&post=49"}],"version-history":[{"count":5,"href":"https:\/\/interbike.es\/index.php?rest_route=\/wp\/v2\/pages\/49\/revisions"}],"predecessor-version":[{"id":174,"href":"https:\/\/interbike.es\/index.php?rest_route=\/wp\/v2\/pages\/49\/revisions\/174"}],"wp:attachment":[{"href":"https:\/\/interbike.es\/index.php?rest_route=%2Fwp%2Fv2%2Fmedia&parent=49"}],"curies":[{"name":"wp","href":"https:\/\/api.w.org\/{rel}","templated":true}]}}